{"id":100,"date":"2017-10-20T12:12:26","date_gmt":"2017-10-20T12:12:26","guid":{"rendered":"http:\/\/asekogrid.pl\/?page_id=100"},"modified":"2025-05-29T06:47:33","modified_gmt":"2025-05-29T06:47:33","slug":"who-we-are","status":"publish","type":"page","link":"https:\/\/www.piszczacpaintballzone.pl\/index.php\/who-we-are\/","title":{"rendered":"Kim jeste\u015bmy"},"content":{"rendered":"<div class=\"wpb-content-wrapper\"><p>[vc_row full_width=&#8221;stretch_row&#8221; equal_height=&#8221;yes&#8221; content_placement=&#8221;middle&#8221; hide_bg_image_on_tablet=&#8221;&#8221; hide_bg_image_on_mobile=&#8221;&#8221; css=&#8221;.vc_custom_1518007055729{background-image: url(https:\/\/www.piszczacpaintballzone.pl\/wp-content\/uploads\/2017\/10\/06_airsoft_about_02__bg.png?id=591) !important;background-position: bottom center !important;background-repeat: no-repeat !important;background-size: cover !important;}&#8221; el_class=&#8221;z-index&#8221;][vc_column icons_position=&#8221;left&#8221;][vc_empty_space alter_height=&#8221;huge&#8221; hide_on_desktop=&#8221;&#8221; hide_on_notebook=&#8221;&#8221; hide_on_tablet=&#8221;&#8221; hide_on_mobile=&#8221;&#8221; css=&#8221;.vc_custom_1520329540683{margin-bottom: 0rem !important;}&#8221;][\/vc_column][vc_column width=&#8221;7\/12&#8243; icons_position=&#8221;left&#8221;]<div id=\"sc_title_1470997411\"\n\t\tclass=\"sc_title color_style_default sc_title_default\"><h6 class=\"sc_item_subtitle sc_title_subtitle sc_align_left sc_item_title_style_default\">O nas<\/h6><h1 class=\"sc_item_title sc_title_title sc_align_left sc_item_title_style_default sc_item_title_tag\">Witaj na Piszczac Paintball Zone<\/h1><div class=\"sc_item_descr sc_title_descr sc_align_left\"><p>Piszczac Paintball Zone to miejsce stworzone z pasji do adrenaliny, rywalizacji i dobrej zabawy. Dzia\u0142amy na terenie Piszczaca i okolic, oferuj\u0105c profesjonalnie zorganizowane gry paintballowe dla grup w ka\u017cdym wieku \u2013 od imprez integracyjnych, przez wieczory kawalerskie\/panie\u0144skie, po eventy rodzinne i szkolne.<\/p>\n<p>Nasz\u0105 misj\u0105 jest zapewnienie niezapomnianych emocji w bezpiecznym, kontrolowanym \u015brodowisku. Dysponujemy specjalnie przygotowanym terenem gry, wysokiej jako\u015bci sprz\u0119tem oraz do\u015bwiadczon\u0105 obs\u0142ug\u0105, kt\u00f3ra zadba o przebieg ka\u017cdej rozgrywki.<\/p>\n<p>Je\u015bli szukasz wyj\u0105tkowego pomys\u0142u na sp\u0119dzenie czasu z przyjaci\u00f3\u0142mi, budowanie zespo\u0142u w pracy czy po prostu chcesz poczu\u0107 dreszcz rywalizacji \u2013 Piszczac Paintball Zone to idealne miejsce dla Ciebie.<\/p>\n<p>Do\u0142\u0105cz do gry \u2013 emocje czekaj\u0105!<\/p>\n<\/div><div class=\"sc_item_button sc_button_wrap sc_align_left\"><a href=\"\/appointments\/\" id=\"sc_button_1837950456\" class=\"sc_button color_style_default sc_button_default sc_item_button sc_item_button_default sc_title_button sc_button_size_normal sc_button_icon_left\"><span class=\"sc_button_text\"><span class=\"sc_button_title\">Zarezerwuj<\/span><\/span><!-- \/.sc_button_text --><\/a><!-- \/.sc_button --><\/div><!-- \/.sc_item_button --><\/div><!-- \/.sc_title -->[vc_empty_space height=&#8221;0&#8243; alter_height=&#8221;none&#8221; hide_on_desktop=&#8221;&#8221; hide_on_notebook=&#8221;&#8221; hide_on_tablet=&#8221;&#8221; hide_on_mobile=&#8221;&#8221; css=&#8221;.vc_custom_1517990616026{margin-bottom: 0rem !important;}&#8221;][\/vc_column][vc_column width=&#8221;5\/12&#8243; icons_position=&#8221;left&#8221;][vc_single_image image=&#8221;1373&#8243; img_size=&#8221;430&#215;430&#8243; alignment=&#8221;center&#8221; style=&#8221;vc_box_circle_2&#8243; css=&#8221;&#8221;][\/vc_column][vc_column icons_position=&#8221;left&#8221;][vc_empty_space alter_height=&#8221;large&#8221; hide_on_desktop=&#8221;&#8221; hide_on_notebook=&#8221;&#8221; hide_on_tablet=&#8221;&#8221; hide_on_mobile=&#8221;&#8221; css=&#8221;.vc_custom_1518007205911{margin-bottom: 4rem !important;}&#8221;][\/vc_column][\/vc_row][vc_row full_width=&#8221;stretch_row_content_no_spaces&#8221; hide_bg_image_on_tablet=&#8221;&#8221; hide_bg_image_on_mobile=&#8221;&#8221;][vc_column icons_position=&#8221;left&#8221; offset=&#8221;vc_hidden-sm vc_hidden-xs&#8221;][vc_empty_space height=&#8221;0&#8243; alter_height=&#8221;none&#8221; hide_on_desktop=&#8221;&#8221; hide_on_notebook=&#8221;&#8221; hide_on_tablet=&#8221;&#8221; hide_on_mobile=&#8221;&#8221; css=&#8221;.vc_custom_1663935930463{margin-top: -2.5rem !important;}&#8221;][\/vc_column][\/vc_row][vc_row full_width=&#8221;stretch_row_content_no_spaces&#8221;][vc_column icons_position=&#8221;left&#8221;][vc_empty_space hide_on_desktop=&#8221;&#8221; hide_on_notebook=&#8221;&#8221; hide_on_tablet=&#8221;&#8221; hide_on_mobile=&#8221;&#8221; css=&#8221;.vc_custom_1518007540200{margin-top: -4rem !important;}&#8221;]<div id=\"sc_googlemap_813428222_wrap\" class=\"sc_googlemap_wrap\"><div id=\"sc_googlemap_813428222\"\n\t\t\tclass=\"sc_googlemap sc_googlemap_default\"\n\t\t\t style=\"width:100%;height:498px;\"\t\t\tdata-zoom=\"12\"\n\t\t\tdata-style=\"dark\"\n\t\t\tdata-cluster-icon=\"\"\n\n\t\t\t><iframe\n\t\t\t\t\tsrc=\"https:\/\/maps.google.com\/maps?t=m&output=embed&iwloc=near&z=12&q=Piszczac+Kolonia+54%2C+21-530+Piszczac%2C+Poland\"\n\t\t\t\t\tscrolling=\"no\"\n\t\t\t\t\tmarginheight=\"0\"\n\t\t\t\t\tmarginwidth=\"0\"\n\t\t\t\t\tframeborder=\"0\"\n\t\t\t\t\taria-label=\"One\"><\/iframe><\/div><\/div><!-- \/.sc_googlemap_wrap -->[\/vc_column][\/vc_row]<\/p>\n<\/div>","protected":false},"excerpt":{"rendered":"<p>[vc_row full_width=&#8221;stretch_row&#8221; equal_height=&#8221;yes&#8221; content_placement=&#8221;middle&#8221; hide_bg_image_on_tablet=&#8221;&#8221; hide_bg_image_on_mobile=&#8221;&#8221; css=&#8221;.vc_custom_1518007055729{background-image: url(https:\/\/www.piszczacpaintballzone.pl\/wp-content\/uploads\/2017\/10\/06_airsoft_about_02__bg.png?id=591) !important;background-position: bottom center !important;background-repeat: no-repeat !important;background-size: cover !important;}&#8221; el_class=&#8221;z-index&#8221;][vc_column icons_position=&#8221;left&#8221;][vc_empty_space alter_height=&#8221;huge&#8221; hide_on_desktop=&#8221;&#8221; hide_on_notebook=&#8221;&#8221; hide_on_tablet=&#8221;&#8221; hide_on_mobile=&#8221;&#8221; css=&#8221;.vc_custom_1520329540683{margin-bottom: 0rem !important;}&#8221;][\/vc_column][vc_column width=&#8221;7\/12&#8243; icons_position=&#8221;left&#8221;][vc_empty_space height=&#8221;0&#8243; alter_height=&#8221;none&#8221; hide_on_desktop=&#8221;&#8221; hide_on_notebook=&#8221;&#8221; hide_on_tablet=&#8221;&#8221; hide_on_mobile=&#8221;&#8221; css=&#8221;.vc_custom_1517990616026{margin-bottom: 0rem !important;}&#8221;][\/vc_column][vc_column width=&#8221;5\/12&#8243; icons_position=&#8221;left&#8221;][vc_single_image image=&#8221;1373&#8243; img_size=&#8221;430&#215;430&#8243; alignment=&#8221;center&#8221; style=&#8221;vc_box_circle_2&#8243; css=&#8221;&#8221;][\/vc_column][vc_column icons_position=&#8221;left&#8221;][vc_empty_space alter_height=&#8221;large&#8221; hide_on_desktop=&#8221;&#8221; hide_on_notebook=&#8221;&#8221; hide_on_tablet=&#8221;&#8221; hide_on_mobile=&#8221;&#8221; css=&#8221;.vc_custom_1518007205911{margin-bottom: 4rem !important;}&#8221;][\/vc_column][\/vc_row][vc_row full_width=&#8221;stretch_row_content_no_spaces&#8221; hide_bg_image_on_tablet=&#8221;&#8221; hide_bg_image_on_mobile=&#8221;&#8221;][vc_column icons_position=&#8221;left&#8221; offset=&#8221;vc_hidden-sm vc_hidden-xs&#8221;][vc_empty_space height=&#8221;0&#8243;&hellip;<\/p>\n","protected":false},"author":1,"featured_media":0,"parent":0,"menu_order":0,"comment_status":"closed","ping_status":"closed","template":"","meta":{"_seopress_robots_primary_cat":"0","_seopress_titles_title":"","_seopress_titles_desc":"","_seopress_robots_index":"","footnotes":""},"class_list":["post-100","page","type-page","status-publish","hentry"],"yoast_head":"<!-- This site is optimized with the Yoast SEO plugin v26.1.1 - https:\/\/yoast.com\/wordpress\/plugins\/seo\/ -->\n<title>Kim jeste\u015bmy - Piszczac Paintball Zone<\/title>\n<meta name=\"robots\" content=\"index, follow, max-snippet:-1, max-image-preview:large, max-video-preview:-1\" \/>\n<link rel=\"canonical\" href=\"https:\/\/www.piszczacpaintballzone.pl\/index.php\/who-we-are\/\" \/>\n<meta property=\"og:locale\" content=\"pl_PL\" \/>\n<meta property=\"og:type\" content=\"article\" \/>\n<meta property=\"og:title\" content=\"Kim jeste\u015bmy - Piszczac Paintball Zone\" \/>\n<meta property=\"og:description\" content=\"[vc_row full_width=&#8221;stretch_row&#8221; equal_height=&#8221;yes&#8221; content_placement=&#8221;middle&#8221; hide_bg_image_on_tablet=&#8221;&#8221; hide_bg_image_on_mobile=&#8221;&#8221; css=&#8221;.vc_custom_1518007055729{background-image: url(https:\/\/www.piszczacpaintballzone.pl\/wp-content\/uploads\/2017\/10\/06_airsoft_about_02__bg.png?id=591) !important;background-position: bottom center !important;background-repeat: no-repeat !important;background-size: cover !important;}&#8221; el_class=&#8221;z-index&#8221;][vc_column icons_position=&#8221;left&#8221;][vc_empty_space alter_height=&#8221;huge&#8221; hide_on_desktop=&#8221;&#8221; hide_on_notebook=&#8221;&#8221; hide_on_tablet=&#8221;&#8221; hide_on_mobile=&#8221;&#8221; css=&#8221;.vc_custom_1520329540683{margin-bottom: 0rem !important;}&#8221;][\/vc_column][vc_column width=&#8221;7\/12&#8243; icons_position=&#8221;left&#8221;][vc_empty_space height=&#8221;0&#8243; alter_height=&#8221;none&#8221; hide_on_desktop=&#8221;&#8221; hide_on_notebook=&#8221;&#8221; hide_on_tablet=&#8221;&#8221; hide_on_mobile=&#8221;&#8221; css=&#8221;.vc_custom_1517990616026{margin-bottom: 0rem !important;}&#8221;][\/vc_column][vc_column width=&#8221;5\/12&#8243; icons_position=&#8221;left&#8221;][vc_single_image image=&#8221;1373&#8243; img_size=&#8221;430&#215;430&#8243; alignment=&#8221;center&#8221; style=&#8221;vc_box_circle_2&#8243; css=&#8221;&#8221;][\/vc_column][vc_column icons_position=&#8221;left&#8221;][vc_empty_space alter_height=&#8221;large&#8221; hide_on_desktop=&#8221;&#8221; hide_on_notebook=&#8221;&#8221; hide_on_tablet=&#8221;&#8221; hide_on_mobile=&#8221;&#8221; css=&#8221;.vc_custom_1518007205911{margin-bottom: 4rem !important;}&#8221;][\/vc_column][\/vc_row][vc_row full_width=&#8221;stretch_row_content_no_spaces&#8221; hide_bg_image_on_tablet=&#8221;&#8221; hide_bg_image_on_mobile=&#8221;&#8221;][vc_column icons_position=&#8221;left&#8221; offset=&#8221;vc_hidden-sm vc_hidden-xs&#8221;][vc_empty_space height=&#8221;0&#8243;&hellip;\" \/>\n<meta property=\"og:url\" content=\"https:\/\/www.piszczacpaintballzone.pl\/index.php\/who-we-are\/\" \/>\n<meta property=\"og:site_name\" content=\"Piszczac Paintball Zone\" \/>\n<meta property=\"article:publisher\" content=\"https:\/\/www.facebook.com\/profile.php?id=61558840851883&amp;locale=pl_PL\" \/>\n<meta property=\"article:modified_time\" content=\"2025-05-29T06:47:33+00:00\" \/>\n<meta name=\"twitter:card\" content=\"summary_large_image\" \/>\n<meta name=\"twitter:label1\" content=\"Szacowany czas czytania\" \/>\n\t<meta name=\"twitter:data1\" content=\"2 minuty\" \/>\n<script type=\"application\/ld+json\" class=\"yoast-schema-graph\">{\"@context\":\"https:\/\/schema.org\",\"@graph\":[{\"@type\":\"WebPage\",\"@id\":\"https:\/\/www.piszczacpaintballzone.pl\/index.php\/who-we-are\/\",\"url\":\"https:\/\/www.piszczacpaintballzone.pl\/index.php\/who-we-are\/\",\"name\":\"Kim jeste\u015bmy - Piszczac Paintball Zone\",\"isPartOf\":{\"@id\":\"https:\/\/www.piszczacpaintballzone.pl\/#website\"},\"datePublished\":\"2017-10-20T12:12:26+00:00\",\"dateModified\":\"2025-05-29T06:47:33+00:00\",\"breadcrumb\":{\"@id\":\"https:\/\/www.piszczacpaintballzone.pl\/index.php\/who-we-are\/#breadcrumb\"},\"inLanguage\":\"pl-PL\",\"potentialAction\":[{\"@type\":\"ReadAction\",\"target\":[\"https:\/\/www.piszczacpaintballzone.pl\/index.php\/who-we-are\/\"]}]},{\"@type\":\"BreadcrumbList\",\"@id\":\"https:\/\/www.piszczacpaintballzone.pl\/index.php\/who-we-are\/#breadcrumb\",\"itemListElement\":[{\"@type\":\"ListItem\",\"position\":1,\"name\":\"Strona g\u0142\u00f3wna\",\"item\":\"https:\/\/www.piszczacpaintballzone.pl\/\"},{\"@type\":\"ListItem\",\"position\":2,\"name\":\"Kim jeste\u015bmy\"}]},{\"@type\":\"WebSite\",\"@id\":\"https:\/\/www.piszczacpaintballzone.pl\/#website\",\"url\":\"https:\/\/www.piszczacpaintballzone.pl\/\",\"name\":\"Piszczac Paintball Zone\",\"description\":\"Piszczac Paintball Zone \u2013 Akcja zaczyna si\u0119 tutaj!\",\"publisher\":{\"@id\":\"https:\/\/www.piszczacpaintballzone.pl\/#organization\"},\"potentialAction\":[{\"@type\":\"SearchAction\",\"target\":{\"@type\":\"EntryPoint\",\"urlTemplate\":\"https:\/\/www.piszczacpaintballzone.pl\/?s={search_term_string}\"},\"query-input\":{\"@type\":\"PropertyValueSpecification\",\"valueRequired\":true,\"valueName\":\"search_term_string\"}}],\"inLanguage\":\"pl-PL\"},{\"@type\":\"Organization\",\"@id\":\"https:\/\/www.piszczacpaintballzone.pl\/#organization\",\"name\":\"Piszczac Paintball Zone\",\"url\":\"https:\/\/www.piszczacpaintballzone.pl\/\",\"logo\":{\"@type\":\"ImageObject\",\"inLanguage\":\"pl-PL\",\"@id\":\"https:\/\/www.piszczacpaintballzone.pl\/#\/schema\/logo\/image\/\",\"url\":\"https:\/\/www.piszczacpaintballzone.pl\/wp-content\/uploads\/2025\/03\/cropped-shne-512-x-512-px-1-1.png\",\"contentUrl\":\"https:\/\/www.piszczacpaintballzone.pl\/wp-content\/uploads\/2025\/03\/cropped-shne-512-x-512-px-1-1.png\",\"width\":511,\"height\":395,\"caption\":\"Piszczac Paintball Zone\"},\"image\":{\"@id\":\"https:\/\/www.piszczacpaintballzone.pl\/#\/schema\/logo\/image\/\"},\"sameAs\":[\"https:\/\/www.facebook.com\/profile.php?id=61558840851883&locale=pl_PL\",\"https:\/\/www.instagram.com\/piszczacpaintballzone\/\"]}]}<\/script>\n<!-- \/ Yoast SEO plugin. -->","yoast_head_json":{"title":"Kim jeste\u015bmy - Piszczac Paintball Zone","robots":{"index":"index","follow":"follow","max-snippet":"max-snippet:-1","max-image-preview":"max-image-preview:large","max-video-preview":"max-video-preview:-1"},"canonical":"https:\/\/www.piszczacpaintballzone.pl\/index.php\/who-we-are\/","og_locale":"pl_PL","og_type":"article","og_title":"Kim jeste\u015bmy - Piszczac Paintball Zone","og_description":"[vc_row full_width=&#8221;stretch_row&#8221; equal_height=&#8221;yes&#8221; content_placement=&#8221;middle&#8221; hide_bg_image_on_tablet=&#8221;&#8221; hide_bg_image_on_mobile=&#8221;&#8221; css=&#8221;.vc_custom_1518007055729{background-image: url(https:\/\/www.piszczacpaintballzone.pl\/wp-content\/uploads\/2017\/10\/06_airsoft_about_02__bg.png?id=591) !important;background-position: bottom center !important;background-repeat: no-repeat !important;background-size: cover !important;}&#8221; el_class=&#8221;z-index&#8221;][vc_column icons_position=&#8221;left&#8221;][vc_empty_space alter_height=&#8221;huge&#8221; hide_on_desktop=&#8221;&#8221; hide_on_notebook=&#8221;&#8221; hide_on_tablet=&#8221;&#8221; hide_on_mobile=&#8221;&#8221; css=&#8221;.vc_custom_1520329540683{margin-bottom: 0rem !important;}&#8221;][\/vc_column][vc_column width=&#8221;7\/12&#8243; icons_position=&#8221;left&#8221;][vc_empty_space height=&#8221;0&#8243; alter_height=&#8221;none&#8221; hide_on_desktop=&#8221;&#8221; hide_on_notebook=&#8221;&#8221; hide_on_tablet=&#8221;&#8221; hide_on_mobile=&#8221;&#8221; css=&#8221;.vc_custom_1517990616026{margin-bottom: 0rem !important;}&#8221;][\/vc_column][vc_column width=&#8221;5\/12&#8243; icons_position=&#8221;left&#8221;][vc_single_image image=&#8221;1373&#8243; img_size=&#8221;430&#215;430&#8243; alignment=&#8221;center&#8221; style=&#8221;vc_box_circle_2&#8243; css=&#8221;&#8221;][\/vc_column][vc_column icons_position=&#8221;left&#8221;][vc_empty_space alter_height=&#8221;large&#8221; hide_on_desktop=&#8221;&#8221; hide_on_notebook=&#8221;&#8221; hide_on_tablet=&#8221;&#8221; hide_on_mobile=&#8221;&#8221; css=&#8221;.vc_custom_1518007205911{margin-bottom: 4rem !important;}&#8221;][\/vc_column][\/vc_row][vc_row full_width=&#8221;stretch_row_content_no_spaces&#8221; hide_bg_image_on_tablet=&#8221;&#8221; hide_bg_image_on_mobile=&#8221;&#8221;][vc_column icons_position=&#8221;left&#8221; offset=&#8221;vc_hidden-sm vc_hidden-xs&#8221;][vc_empty_space height=&#8221;0&#8243;&hellip;","og_url":"https:\/\/www.piszczacpaintballzone.pl\/index.php\/who-we-are\/","og_site_name":"Piszczac Paintball Zone","article_publisher":"https:\/\/www.facebook.com\/profile.php?id=61558840851883&locale=pl_PL","article_modified_time":"2025-05-29T06:47:33+00:00","twitter_card":"summary_large_image","twitter_misc":{"Szacowany czas czytania":"2 minuty"},"schema":{"@context":"https:\/\/schema.org","@graph":[{"@type":"WebPage","@id":"https:\/\/www.piszczacpaintballzone.pl\/index.php\/who-we-are\/","url":"https:\/\/www.piszczacpaintballzone.pl\/index.php\/who-we-are\/","name":"Kim jeste\u015bmy - Piszczac Paintball Zone","isPartOf":{"@id":"https:\/\/www.piszczacpaintballzone.pl\/#website"},"datePublished":"2017-10-20T12:12:26+00:00","dateModified":"2025-05-29T06:47:33+00:00","breadcrumb":{"@id":"https:\/\/www.piszczacpaintballzone.pl\/index.php\/who-we-are\/#breadcrumb"},"inLanguage":"pl-PL","potentialAction":[{"@type":"ReadAction","target":["https:\/\/www.piszczacpaintballzone.pl\/index.php\/who-we-are\/"]}]},{"@type":"BreadcrumbList","@id":"https:\/\/www.piszczacpaintballzone.pl\/index.php\/who-we-are\/#breadcrumb","itemListElement":[{"@type":"ListItem","position":1,"name":"Strona g\u0142\u00f3wna","item":"https:\/\/www.piszczacpaintballzone.pl\/"},{"@type":"ListItem","position":2,"name":"Kim jeste\u015bmy"}]},{"@type":"WebSite","@id":"https:\/\/www.piszczacpaintballzone.pl\/#website","url":"https:\/\/www.piszczacpaintballzone.pl\/","name":"Piszczac Paintball Zone","description":"Piszczac Paintball Zone \u2013 Akcja zaczyna si\u0119 tutaj!","publisher":{"@id":"https:\/\/www.piszczacpaintballzone.pl\/#organization"},"potentialAction":[{"@type":"SearchAction","target":{"@type":"EntryPoint","urlTemplate":"https:\/\/www.piszczacpaintballzone.pl\/?s={search_term_string}"},"query-input":{"@type":"PropertyValueSpecification","valueRequired":true,"valueName":"search_term_string"}}],"inLanguage":"pl-PL"},{"@type":"Organization","@id":"https:\/\/www.piszczacpaintballzone.pl\/#organization","name":"Piszczac Paintball Zone","url":"https:\/\/www.piszczacpaintballzone.pl\/","logo":{"@type":"ImageObject","inLanguage":"pl-PL","@id":"https:\/\/www.piszczacpaintballzone.pl\/#\/schema\/logo\/image\/","url":"https:\/\/www.piszczacpaintballzone.pl\/wp-content\/uploads\/2025\/03\/cropped-shne-512-x-512-px-1-1.png","contentUrl":"https:\/\/www.piszczacpaintballzone.pl\/wp-content\/uploads\/2025\/03\/cropped-shne-512-x-512-px-1-1.png","width":511,"height":395,"caption":"Piszczac Paintball Zone"},"image":{"@id":"https:\/\/www.piszczacpaintballzone.pl\/#\/schema\/logo\/image\/"},"sameAs":["https:\/\/www.facebook.com\/profile.php?id=61558840851883&locale=pl_PL","https:\/\/www.instagram.com\/piszczacpaintballzone\/"]}]}},"_links":{"self":[{"href":"https:\/\/www.piszczacpaintballzone.pl\/index.php\/wp-json\/wp\/v2\/pages\/100","targetHints":{"allow":["GET"]}}],"collection":[{"href":"https:\/\/www.piszczacpaintballzone.pl\/index.php\/wp-json\/wp\/v2\/pages"}],"about":[{"href":"https:\/\/www.piszczacpaintballzone.pl\/index.php\/wp-json\/wp\/v2\/types\/page"}],"author":[{"embeddable":true,"href":"https:\/\/www.piszczacpaintballzone.pl\/index.php\/wp-json\/wp\/v2\/users\/1"}],"replies":[{"embeddable":true,"href":"https:\/\/www.piszczacpaintballzone.pl\/index.php\/wp-json\/wp\/v2\/comments?post=100"}],"version-history":[{"count":4,"href":"https:\/\/www.piszczacpaintballzone.pl\/index.php\/wp-json\/wp\/v2\/pages\/100\/revisions"}],"predecessor-version":[{"id":1455,"href":"https:\/\/www.piszczacpaintballzone.pl\/index.php\/wp-json\/wp\/v2\/pages\/100\/revisions\/1455"}],"wp:attachment":[{"href":"https:\/\/www.piszczacpaintballzone.pl\/index.php\/wp-json\/wp\/v2\/media?parent=100"}],"curies":[{"name":"wp","href":"https:\/\/api.w.org\/{rel}","templated":true}]}}