{"id":304,"date":"2017-10-26T09:15:10","date_gmt":"2017-10-26T09:15:10","guid":{"rendered":"http:\/\/asekogrid.pl\/?page_id=304"},"modified":"2025-08-08T07:37:21","modified_gmt":"2025-08-08T07:37:21","slug":"cennik","status":"publish","type":"page","link":"https:\/\/www.piszczacpaintballzone.pl\/index.php\/cennik\/","title":{"rendered":"Cennik"},"content":{"rendered":"<div class=\"wpb-content-wrapper\"><p>[vc_row][vc_column icons_position=&#8221;left&#8221;][vc_column_text css=&#8221;&#8221;]<\/p>\n<h3 style=\"text-align: center;\">Plany cenowe<\/h3>\n<div class=\"dummy\"><\/div>\n<p>[\/vc_column_text][\/vc_column][\/vc_row][vc_row][vc_column css_animation=&#8221;bounceInDown&#8221; fix_column=&#8221;&#8221; hide_bg_image_on_tablet=&#8221;&#8221; hide_bg_image_on_mobile=&#8221;&#8221; icons_position=&#8221;left&#8221;]<div  id=\"99\" \n\tclass=\"sc_price color_style_default sc_price_default 99\"><div class=\"sc_price_columns_wrap sc_item_columns trx_addons_columns_wrap columns_padding_bottom\"><div class=\"trx_addons_column-1_4\"><div class=\"sc_price_item sc_price_item_default\">\n\t\t\t<div class=\"sc_price_item_info\"><h3 class=\"sc_price_item_title\"><span>Pakiet Start<\/span><\/h3><div class=\"sc_price_item_price\"><span class=\"sc_price_item_price_before\">PLN<\/span><span class=\"sc_price_item_price_value\">80<\/span><\/div><div class=\"sc_price_item_details\"><ul><li>Ilo\u015b\u0107 kul: 200 szt<\/li>\n<li>Marker paintballowy<\/li>\n<li>Maska ochronna<\/li>\n<li>Kombinezon ochronny<\/li>\n<li>Butla (CO\u2082\/spr\u0119\u017cone powietrze)<\/li>\n<li>Czas gry: ok. 45min<\/li><\/ul><\/div><a href=\"https:\/\/www.piszczacpaintballzone.pl\/index.php\/kontakt\/\" class=\"sc_price_item_link sc_button\"><span class=\"icon-right\"><\/span>Zarezerwuj<\/a><\/div><!-- \/.sc_price_item_info --><\/div><\/div><div class=\"trx_addons_column-1_4\"><div class=\"sc_price_item sc_price_item_default\">\n\t\t\t<div class=\"sc_price_item_label\">\u2605<\/div><div class=\"sc_price_item_info\"><h3 class=\"sc_price_item_title\"><span>Pakiet Standard<\/span><\/h3><div class=\"sc_price_item_price\"><span class=\"sc_price_item_price_before\">PLN<\/span><span class=\"sc_price_item_price_value\">100<\/span><\/div><div class=\"sc_price_item_details\"><ul><li>Ilo\u015b\u0107 kul: 400 szt<\/li>\n<li>Marker paintballowy<\/li>\n<li>Maska ochronna<\/li>\n<li>Kombinezon ochronny<\/li>\n<li>Butla (CO\u2082\/spr\u0119\u017cone powietrze)<\/li>\n<li>Czas gry: ok. 1h 30min<\/li><\/ul><\/div><a href=\"https:\/\/www.piszczacpaintballzone.pl\/index.php\/kontakt\/\" class=\"sc_price_item_link sc_button\"><span class=\"icon-right\"><\/span>Zarezerwuj<\/a><\/div><!-- \/.sc_price_item_info --><\/div><\/div><div class=\"trx_addons_column-1_4\"><div class=\"sc_price_item sc_price_item_default\">\n\t\t\t<div class=\"sc_price_item_info\"><h3 class=\"sc_price_item_title\"><span>Pakiet Elite<\/span><\/h3><div class=\"sc_price_item_price\"><span class=\"sc_price_item_price_before\">PLN<\/span><span class=\"sc_price_item_price_value\">160<\/span><\/div><div class=\"sc_price_item_details\"><ul><li>Ilo\u015b\u0107 kul: 800 szt<\/li>\n<li>Marker paintballowy<\/li>\n<li>Maska ochronna<\/li>\n<li>Kombinezon ochronny<\/li>\n<li>Butla (CO\u2082\/spr\u0119\u017cone powietrze)<\/li>\n<li>Czas gry: ok. 3h<\/li><\/ul><\/div><a href=\"https:\/\/www.piszczacpaintballzone.pl\/index.php\/kontakt\/\" class=\"sc_price_item_link sc_button\"><span class=\"icon-right\"><\/span>Zarezerwuj<\/a><\/div><!-- \/.sc_price_item_info --><\/div><\/div><div class=\"trx_addons_column-1_4\"><div class=\"sc_price_item sc_price_item_default\">\n\t\t\t<div class=\"sc_price_item_info\"><h3 class=\"sc_price_item_title\"><span>+ Pakiet kul<\/span><\/h3><div class=\"sc_price_item_price\"><span class=\"sc_price_item_price_before\">PLN<\/span><span class=\"sc_price_item_price_value\">10<\/span><span class=\"sc_price_item_price_after\">\/ per 100<\/span><\/div><div class=\"sc_price_item_details\"><ul><li>Pakiet dodatkowych kul do paintballa \u2013 idealne rozwi\u0105zanie dla ka\u017cdego gracza! Za jedyne 10 z\u0142 za 100 sztuk<\/li>\n<\/ul><\/div><\/div><!-- \/.sc_price_item_info --><\/div><\/div><\/div><\/div><!-- \/.sc_price -->[\/vc_column][\/vc_row][vc_row][vc_column icons_position=&#8221;left&#8221;][\/vc_column][\/vc_row][vc_row][vc_column icons_position=&#8221;left&#8221;][vc_empty_space hide_on_desktop=&#8221;&#8221; hide_on_notebook=&#8221;&#8221; hide_on_tablet=&#8221;&#8221; hide_on_mobile=&#8221;&#8221; css=&#8221;.vc_custom_1517581360317{margin-bottom: -0.6rem !important;}&#8221;]<div  id=\"sc_price_1921818607\" \n\tclass=\"sc_price color_style_default sc_price_default\"><div class=\"sc_price_columns_wrap sc_item_columns trx_addons_columns_wrap columns_padding_bottom\"><div class=\"trx_addons_column-1_2\"><div class=\"sc_price_item sc_price_item_default\">\n\t\t\t<div class=\"sc_price_item_image\"><img loading=\"lazy\" decoding=\"async\" src=\"https:\/\/www.piszczacpaintballzone.pl\/wp-content\/uploads\/2025\/07\/Projekt-bez-nazwy-5-370x208.png\" alt=\"Icon\" width=\"370\" height=\"208\"><\/div><div class=\"sc_price_item_info\"><h3 class=\"sc_price_item_title\"><span>JT Splatmaster Z200 (.50 cal)<\/span><\/h3><div class=\"sc_price_item_details\"><ul> <li>Przeznaczenie: dzieci od 8 roku \u017cycia<\/li> <li>Nap\u0119d: spr\u0119\u017cynowy (bez u\u017cycia gazu)<\/li> <li>Kaliber kulek: .50 cala (mniejsze i bezpieczniejsze)<\/li> <li>Pr\u0119dko\u015b\u0107: ok. 110\u2013140 FPS<\/li> <li>Si\u0142a uderzenia: niska \u2013 mo\u017cna gra\u0107 w ubraniu codziennym<\/li> <li>Waga: bardzo lekki \u2013 ok. 0,5 kg<\/li> <li>Prosta obs\u0142uga \u2013 idealna do nauki dla dzieci<\/li> <li>Bezpiecze\u0144stwo:  zaprojektowany specjalnie dla dzieci<\/li> <li>Mo\u017cliwo\u015b\u0107 zabawy w ogrodzie, parku, na dzia\u0142ce<\/li> <\/ul><\/div><\/div><!-- \/.sc_price_item_info --><\/div><\/div><div class=\"trx_addons_column-1_2\"><div class=\"sc_price_item sc_price_item_default\">\n\t\t\t<div class=\"sc_price_item_image\"><img loading=\"lazy\" decoding=\"async\" src=\"https:\/\/www.piszczacpaintballzone.pl\/wp-content\/uploads\/2025\/07\/Projekt-bez-nazwy-4-370x208.png\" alt=\"Icon\" width=\"370\" height=\"208\"><\/div><div class=\"sc_price_item_info\"><h3 class=\"sc_price_item_title\"><span>Tippmann FT-12 Rental (.68 cal)<\/span><\/h3><div class=\"sc_price_item_details\"><ul> <li>Przeznaczenie: m\u0142odzie\u017c 14+ oraz doro\u015bli<\/li> <li>Nap\u0119d: gaz (CO\u2082 lub spr\u0119\u017cone powietrze)<\/li> <li>Kaliber kulek: .68 cala (wi\u0119ksze i mocniejsze)<\/li> <li>Pr\u0119dko\u015b\u0107: do 280\u2013300 FPS<\/li> <li>Si\u0142a uderzenia: wysoka \u2013 wymaga pe\u0142nej ochrony<\/li> <li>Waga: ok. 1,5\u20132 kg (z butl\u0105)<\/li> <li>Obs\u0142uga: wymaga do\u015bwiadczenia i serwisowania<\/li> <li>Bezpiecze\u0144stwo: nieodpowiedni dla dzieci<\/li> <li>Gra tylko na polu paintballowym pod nadzorem<\/li>  <\/ul><\/div><\/div><!-- \/.sc_price_item_info --><\/div><\/div><\/div><\/div><!-- \/.sc_price -->\n<div class=\"wpcf7 no-js\" id=\"wpcf7-f1118-o1\" lang=\"en-US\" dir=\"ltr\" data-wpcf7-id=\"1118\">\n<div class=\"screen-reader-response\"><p role=\"status\" aria-live=\"polite\" aria-atomic=\"true\"><\/p> <ul><\/ul><\/div>\n<form action=\"\/index.php\/wp-json\/wp\/v2\/pages\/304#wpcf7-f1118-o1\" method=\"post\" class=\"wpcf7-form init\" aria-label=\"Contact form\" novalidate=\"novalidate\" data-status=\"init\">\n<fieldset class=\"hidden-fields-container\"><input type=\"hidden\" name=\"_wpcf7\" value=\"1118\" \/><input type=\"hidden\" name=\"_wpcf7_version\" value=\"6.1.2\" \/><input type=\"hidden\" name=\"_wpcf7_locale\" value=\"en_US\" \/><input type=\"hidden\" name=\"_wpcf7_unit_tag\" value=\"wpcf7-f1118-o1\" \/><input type=\"hidden\" name=\"_wpcf7_container_post\" value=\"0\" \/><input type=\"hidden\" name=\"_wpcf7_posted_data_hash\" value=\"\" \/>\n<\/fieldset>\n<span class=\"wpcf7-form-control-wrap\" data-name=\"your-name\"><input size=\"40\" maxlength=\"400\" class=\"wpcf7-form-control wpcf7-text wpcf7-validates-as-required\" aria-required=\"true\" aria-invalid=\"false\" placeholder=\"Imi\u0119\" value=\"\" type=\"text\" name=\"your-name\" \/><\/span><span class=\"wpcf7-form-control-wrap\" data-name=\"your-email\"><input size=\"40\" maxlength=\"400\" class=\"wpcf7-form-control wpcf7-email wpcf7-validates-as-required wpcf7-text wpcf7-validates-as-email\" aria-required=\"true\" aria-invalid=\"false\" placeholder=\"E-mail\" value=\"\" type=\"email\" name=\"your-email\" \/><\/span><span class=\"wpcf7-form-control-wrap\" data-name=\"your-tel\"><input size=\"40\" maxlength=\"9\" minlength=\"9\" class=\"wpcf7-form-control wpcf7-tel wpcf7-text wpcf7-validates-as-tel\" aria-invalid=\"false\" placeholder=\"Telefon\" value=\"\" type=\"tel\" name=\"your-tel\" \/><\/span><span class=\"wpcf7-form-control-wrap\" data-name=\"textarea-message\"><textarea cols=\"40\" rows=\"4\" maxlength=\"2000\" class=\"wpcf7-form-control wpcf7-textarea wpcf7-validates-as-required\" aria-required=\"true\" aria-invalid=\"false\" placeholder=\"Wiadomo\u015b\u0107\" name=\"textarea-message\"><\/textarea><\/span><input class=\"wpcf7-form-control wpcf7-submit has-spinner\" type=\"submit\" value=\"Wy\u015blij\" \/><div class=\"wpcf7-response-output\" aria-hidden=\"true\"><\/div>\n<\/form>\n<\/div>\n[\/vc_column][\/vc_row]<\/p>\n<\/div>","protected":false},"excerpt":{"rendered":"<p>[vc_row][vc_column icons_position=&#8221;left&#8221;][vc_column_text css=&#8221;&#8221;] Plany cenowe [\/vc_column_text][\/vc_column][\/vc_row][vc_row][vc_column css_animation=&#8221;bounceInDown&#8221; fix_column=&#8221;&#8221; hide_bg_image_on_tablet=&#8221;&#8221; hide_bg_image_on_mobile=&#8221;&#8221; icons_position=&#8221;left&#8221;][\/vc_column][\/vc_row][vc_row][vc_column icons_position=&#8221;left&#8221;][\/vc_column][\/vc_row][vc_row][vc_column icons_position=&#8221;left&#8221;][vc_empty_space hide_on_desktop=&#8221;&#8221; hide_on_notebook=&#8221;&#8221; hide_on_tablet=&#8221;&#8221; hide_on_mobile=&#8221;&#8221; css=&#8221;.vc_custom_1517581360317{margin-bottom: -0.6rem !important;}&#8221;][\/vc_column][\/vc_row]<\/p>\n","protected":false},"author":1,"featured_media":0,"parent":0,"menu_order":0,"comment_status":"closed","ping_status":"closed","template":"","meta":{"_seopress_robots_primary_cat":"0","_seopress_titles_title":"","_seopress_titles_desc":"","_seopress_robots_index":"","footnotes":""},"class_list":["post-304","page","type-page","status-publish","hentry"],"yoast_head":"<!-- This site is optimized with the Yoast SEO plugin v26.1.1 - https:\/\/yoast.com\/wordpress\/plugins\/seo\/ -->\n<title>Cennik - Piszczac Paintball Zone<\/title>\n<meta name=\"robots\" content=\"index, follow, max-snippet:-1, max-image-preview:large, max-video-preview:-1\" \/>\n<link rel=\"canonical\" href=\"https:\/\/www.piszczacpaintballzone.pl\/index.php\/cennik\/\" \/>\n<meta property=\"og:locale\" content=\"pl_PL\" \/>\n<meta property=\"og:type\" content=\"article\" \/>\n<meta property=\"og:title\" content=\"Cennik - Piszczac Paintball Zone\" \/>\n<meta property=\"og:description\" content=\"[vc_row][vc_column icons_position=&#8221;left&#8221;][vc_column_text css=&#8221;&#8221;] Plany cenowe [\/vc_column_text][\/vc_column][\/vc_row][vc_row][vc_column css_animation=&#8221;bounceInDown&#8221; fix_column=&#8221;&#8221; hide_bg_image_on_tablet=&#8221;&#8221; hide_bg_image_on_mobile=&#8221;&#8221; icons_position=&#8221;left&#8221;][\/vc_column][\/vc_row][vc_row][vc_column icons_position=&#8221;left&#8221;][\/vc_column][\/vc_row][vc_row][vc_column icons_position=&#8221;left&#8221;][vc_empty_space hide_on_desktop=&#8221;&#8221; hide_on_notebook=&#8221;&#8221; hide_on_tablet=&#8221;&#8221; hide_on_mobile=&#8221;&#8221; css=&#8221;.vc_custom_1517581360317{margin-bottom: -0.6rem !important;}&#8221;][\/vc_column][\/vc_row]\" \/>\n<meta property=\"og:url\" content=\"https:\/\/www.piszczacpaintballzone.pl\/index.php\/cennik\/\" \/>\n<meta property=\"og:site_name\" content=\"Piszczac Paintball Zone\" \/>\n<meta property=\"article:publisher\" content=\"https:\/\/www.facebook.com\/profile.php?id=61558840851883&amp;locale=pl_PL\" \/>\n<meta property=\"article:modified_time\" content=\"2025-08-08T07:37:21+00:00\" \/>\n<meta name=\"twitter:card\" content=\"summary_large_image\" \/>\n<meta name=\"twitter:label1\" content=\"Szacowany czas czytania\" \/>\n\t<meta name=\"twitter:data1\" content=\"4 minuty\" \/>\n<script type=\"application\/ld+json\" class=\"yoast-schema-graph\">{\"@context\":\"https:\/\/schema.org\",\"@graph\":[{\"@type\":\"WebPage\",\"@id\":\"https:\/\/www.piszczacpaintballzone.pl\/index.php\/cennik\/\",\"url\":\"https:\/\/www.piszczacpaintballzone.pl\/index.php\/cennik\/\",\"name\":\"Cennik - Piszczac Paintball Zone\",\"isPartOf\":{\"@id\":\"https:\/\/www.piszczacpaintballzone.pl\/#website\"},\"datePublished\":\"2017-10-26T09:15:10+00:00\",\"dateModified\":\"2025-08-08T07:37:21+00:00\",\"breadcrumb\":{\"@id\":\"https:\/\/www.piszczacpaintballzone.pl\/index.php\/cennik\/#breadcrumb\"},\"inLanguage\":\"pl-PL\",\"potentialAction\":[{\"@type\":\"ReadAction\",\"target\":[\"https:\/\/www.piszczacpaintballzone.pl\/index.php\/cennik\/\"]}]},{\"@type\":\"BreadcrumbList\",\"@id\":\"https:\/\/www.piszczacpaintballzone.pl\/index.php\/cennik\/#breadcrumb\",\"itemListElement\":[{\"@type\":\"ListItem\",\"position\":1,\"name\":\"Strona g\u0142\u00f3wna\",\"item\":\"https:\/\/www.piszczacpaintballzone.pl\/\"},{\"@type\":\"ListItem\",\"position\":2,\"name\":\"Cennik\"}]},{\"@type\":\"WebSite\",\"@id\":\"https:\/\/www.piszczacpaintballzone.pl\/#website\",\"url\":\"https:\/\/www.piszczacpaintballzone.pl\/\",\"name\":\"Piszczac Paintball Zone\",\"description\":\"Piszczac Paintball Zone \u2013 Akcja zaczyna si\u0119 tutaj!\",\"publisher\":{\"@id\":\"https:\/\/www.piszczacpaintballzone.pl\/#organization\"},\"potentialAction\":[{\"@type\":\"SearchAction\",\"target\":{\"@type\":\"EntryPoint\",\"urlTemplate\":\"https:\/\/www.piszczacpaintballzone.pl\/?s={search_term_string}\"},\"query-input\":{\"@type\":\"PropertyValueSpecification\",\"valueRequired\":true,\"valueName\":\"search_term_string\"}}],\"inLanguage\":\"pl-PL\"},{\"@type\":\"Organization\",\"@id\":\"https:\/\/www.piszczacpaintballzone.pl\/#organization\",\"name\":\"Piszczac Paintball Zone\",\"url\":\"https:\/\/www.piszczacpaintballzone.pl\/\",\"logo\":{\"@type\":\"ImageObject\",\"inLanguage\":\"pl-PL\",\"@id\":\"https:\/\/www.piszczacpaintballzone.pl\/#\/schema\/logo\/image\/\",\"url\":\"https:\/\/www.piszczacpaintballzone.pl\/wp-content\/uploads\/2025\/03\/cropped-shne-512-x-512-px-1-1.png\",\"contentUrl\":\"https:\/\/www.piszczacpaintballzone.pl\/wp-content\/uploads\/2025\/03\/cropped-shne-512-x-512-px-1-1.png\",\"width\":511,\"height\":395,\"caption\":\"Piszczac Paintball Zone\"},\"image\":{\"@id\":\"https:\/\/www.piszczacpaintballzone.pl\/#\/schema\/logo\/image\/\"},\"sameAs\":[\"https:\/\/www.facebook.com\/profile.php?id=61558840851883&locale=pl_PL\",\"https:\/\/www.instagram.com\/piszczacpaintballzone\/\"]}]}<\/script>\n<!-- \/ Yoast SEO plugin. -->","yoast_head_json":{"title":"Cennik - Piszczac Paintball Zone","robots":{"index":"index","follow":"follow","max-snippet":"max-snippet:-1","max-image-preview":"max-image-preview:large","max-video-preview":"max-video-preview:-1"},"canonical":"https:\/\/www.piszczacpaintballzone.pl\/index.php\/cennik\/","og_locale":"pl_PL","og_type":"article","og_title":"Cennik - Piszczac Paintball Zone","og_description":"[vc_row][vc_column icons_position=&#8221;left&#8221;][vc_column_text css=&#8221;&#8221;] Plany cenowe [\/vc_column_text][\/vc_column][\/vc_row][vc_row][vc_column css_animation=&#8221;bounceInDown&#8221; fix_column=&#8221;&#8221; hide_bg_image_on_tablet=&#8221;&#8221; hide_bg_image_on_mobile=&#8221;&#8221; icons_position=&#8221;left&#8221;][\/vc_column][\/vc_row][vc_row][vc_column icons_position=&#8221;left&#8221;][\/vc_column][\/vc_row][vc_row][vc_column icons_position=&#8221;left&#8221;][vc_empty_space hide_on_desktop=&#8221;&#8221; hide_on_notebook=&#8221;&#8221; hide_on_tablet=&#8221;&#8221; hide_on_mobile=&#8221;&#8221; css=&#8221;.vc_custom_1517581360317{margin-bottom: -0.6rem !important;}&#8221;][\/vc_column][\/vc_row]","og_url":"https:\/\/www.piszczacpaintballzone.pl\/index.php\/cennik\/","og_site_name":"Piszczac Paintball Zone","article_publisher":"https:\/\/www.facebook.com\/profile.php?id=61558840851883&locale=pl_PL","article_modified_time":"2025-08-08T07:37:21+00:00","twitter_card":"summary_large_image","twitter_misc":{"Szacowany czas czytania":"4 minuty"},"schema":{"@context":"https:\/\/schema.org","@graph":[{"@type":"WebPage","@id":"https:\/\/www.piszczacpaintballzone.pl\/index.php\/cennik\/","url":"https:\/\/www.piszczacpaintballzone.pl\/index.php\/cennik\/","name":"Cennik - Piszczac Paintball Zone","isPartOf":{"@id":"https:\/\/www.piszczacpaintballzone.pl\/#website"},"datePublished":"2017-10-26T09:15:10+00:00","dateModified":"2025-08-08T07:37:21+00:00","breadcrumb":{"@id":"https:\/\/www.piszczacpaintballzone.pl\/index.php\/cennik\/#breadcrumb"},"inLanguage":"pl-PL","potentialAction":[{"@type":"ReadAction","target":["https:\/\/www.piszczacpaintballzone.pl\/index.php\/cennik\/"]}]},{"@type":"BreadcrumbList","@id":"https:\/\/www.piszczacpaintballzone.pl\/index.php\/cennik\/#breadcrumb","itemListElement":[{"@type":"ListItem","position":1,"name":"Strona g\u0142\u00f3wna","item":"https:\/\/www.piszczacpaintballzone.pl\/"},{"@type":"ListItem","position":2,"name":"Cennik"}]},{"@type":"WebSite","@id":"https:\/\/www.piszczacpaintballzone.pl\/#website","url":"https:\/\/www.piszczacpaintballzone.pl\/","name":"Piszczac Paintball Zone","description":"Piszczac Paintball Zone \u2013 Akcja zaczyna si\u0119 tutaj!","publisher":{"@id":"https:\/\/www.piszczacpaintballzone.pl\/#organization"},"potentialAction":[{"@type":"SearchAction","target":{"@type":"EntryPoint","urlTemplate":"https:\/\/www.piszczacpaintballzone.pl\/?s={search_term_string}"},"query-input":{"@type":"PropertyValueSpecification","valueRequired":true,"valueName":"search_term_string"}}],"inLanguage":"pl-PL"},{"@type":"Organization","@id":"https:\/\/www.piszczacpaintballzone.pl\/#organization","name":"Piszczac Paintball Zone","url":"https:\/\/www.piszczacpaintballzone.pl\/","logo":{"@type":"ImageObject","inLanguage":"pl-PL","@id":"https:\/\/www.piszczacpaintballzone.pl\/#\/schema\/logo\/image\/","url":"https:\/\/www.piszczacpaintballzone.pl\/wp-content\/uploads\/2025\/03\/cropped-shne-512-x-512-px-1-1.png","contentUrl":"https:\/\/www.piszczacpaintballzone.pl\/wp-content\/uploads\/2025\/03\/cropped-shne-512-x-512-px-1-1.png","width":511,"height":395,"caption":"Piszczac Paintball Zone"},"image":{"@id":"https:\/\/www.piszczacpaintballzone.pl\/#\/schema\/logo\/image\/"},"sameAs":["https:\/\/www.facebook.com\/profile.php?id=61558840851883&locale=pl_PL","https:\/\/www.instagram.com\/piszczacpaintballzone\/"]}]}},"_links":{"self":[{"href":"https:\/\/www.piszczacpaintballzone.pl\/index.php\/wp-json\/wp\/v2\/pages\/304","targetHints":{"allow":["GET"]}}],"collection":[{"href":"https:\/\/www.piszczacpaintballzone.pl\/index.php\/wp-json\/wp\/v2\/pages"}],"about":[{"href":"https:\/\/www.piszczacpaintballzone.pl\/index.php\/wp-json\/wp\/v2\/types\/page"}],"author":[{"embeddable":true,"href":"https:\/\/www.piszczacpaintballzone.pl\/index.php\/wp-json\/wp\/v2\/users\/1"}],"replies":[{"embeddable":true,"href":"https:\/\/www.piszczacpaintballzone.pl\/index.php\/wp-json\/wp\/v2\/comments?post=304"}],"version-history":[{"count":33,"href":"https:\/\/www.piszczacpaintballzone.pl\/index.php\/wp-json\/wp\/v2\/pages\/304\/revisions"}],"predecessor-version":[{"id":1537,"href":"https:\/\/www.piszczacpaintballzone.pl\/index.php\/wp-json\/wp\/v2\/pages\/304\/revisions\/1537"}],"wp:attachment":[{"href":"https:\/\/www.piszczacpaintballzone.pl\/index.php\/wp-json\/wp\/v2\/media?parent=304"}],"curies":[{"name":"wp","href":"https:\/\/api.w.org\/{rel}","templated":true}]}}